{"id":141,"date":"2022-05-27T17:55:00","date_gmt":"2022-05-27T08:55:00","guid":{"rendered":"https:\/\/storytimegarden.dmm.com\/merryend\/?page_id=141"},"modified":"2022-05-27T14:53:44","modified_gmt":"2022-05-27T05:53:44","slug":"comic-chapter2","status":"publish","type":"page","link":"https:\/\/storytimegarden.dmm.com\/merryend\/comic-chapter2\/","title":{"rendered":"\u77ed\u7de8\u30de\u30f3\u30ac\u300c\u6559\u80b2\u300d"},"content":{"rendered":"<div class=\"_df_book df-lite\" id=\"df_147\"  data-title=\"%e7%9f%ad%e7%b7%a8%e3%83%9e%e3%83%b3%e3%82%ac%e3%80%8c%e6%95%99%e8%82%b2%e3%80%8d\" _slug=\"%e7%9f%ad%e7%b7%a8%e3%83%9e%e3%83%b3%e3%82%ac%e3%80%8c%e6%95%99%e8%82%b2%e3%80%8d\" wpoptions=\"true\" thumb=\"https:\/\/storytimegarden.dmm.com\/merryend\/wp-content\/uploads\/sites\/8\/c26_1.jpg\" thumbtype=\"\" ><\/div>\n<p><script class=\"df-shortcode-script\" type=\"application\/javascript\">window.option_df_147 = {\"outline\":[],\"backgroundColor\":\"rgba(255,255,255,0)\",\"autoEnableOutline\":\"false\",\"autoEnableThumbnail\":\"false\",\"overwritePDFOutline\":\"false\",\"enableDownload\":\"false\",\"direction\":\"2\",\"pageSize\":\"0\",\"soundEnable\":\"false\",\"source\":[\"https:\\\/\\\/storytimegarden.dmm.com\\\/merryend\\\/wp-content\\\/uploads\\\/sites\\\/8\\\/c26_1.jpg\",\"https:\\\/\\\/storytimegarden.dmm.com\\\/merryend\\\/wp-content\\\/uploads\\\/sites\\\/8\\\/c26_2.jpg\",\"https:\\\/\\\/storytimegarden.dmm.com\\\/merryend\\\/wp-content\\\/uploads\\\/sites\\\/8\\\/c26_3.jpg\",\"https:\\\/\\\/storytimegarden.dmm.com\\\/merryend\\\/wp-content\\\/uploads\\\/sites\\\/8\\\/c26_4.jpg\",\"https:\\\/\\\/storytimegarden.dmm.com\\\/merryend\\\/wp-content\\\/uploads\\\/sites\\\/8\\\/c26_5.jpg\",\"https:\\\/\\\/storytimegarden.dmm.com\\\/merryend\\\/wp-content\\\/uploads\\\/sites\\\/8\\\/c26_6.jpg\",\"https:\\\/\\\/storytimegarden.dmm.com\\\/merryend\\\/wp-content\\\/uploads\\\/sites\\\/8\\\/c26_7.jpg\"],\"wpOptions\":\"true\",\"links\":[[],[],[],[],[],[],[],[]]}; if(window.DFLIP && window.DFLIP.parseBooks){window.DFLIP.parseBooks();}<\/script><br \/>\n<a class=\"c-button\" style=\"max-width:320px\" href=\"https:\/\/storytimegarden.dmm.com\/merryend\/product\/chapter2\/\"><span>\u88fd\u54c1\u60c5\u5831\u3078<\/span><\/a><\/p>\n","protected":false},"excerpt":{"rendered":"<p>\u88fd\u54c1\u60c5\u5831\u3078<\/p>\n","protected":false},"author":2,"featured_media":0,"parent":0,"menu_order":0,"comment_status":"closed","ping_status":"closed","template":"","meta":{"footnotes":""},"yoast_head":"<!-- This site is optimized with the Yoast SEO plugin v22.1 - https:\/\/yoast.com\/wordpress\/plugins\/seo\/ -->\n<title>\u77ed\u7de8\u30de\u30f3\u30ac\u300c\u6559\u80b2\u300d | Merry \u00d7\u00d7\u00d7 End<\/title>\n<meta name=\"description\" content=\"\u5927\u4eba\u306e\u5973\u6027\u5411\u3051\u30b7\u30c1\u30e5\u30a8\u30fc\u30b7\u30e7\u30f3CD\u300cMerry \u00d7\u00d7\u00d7 End\u300d\u306e\u77ed\u7de8\u30de\u30f3\u30ac\" \/>\n<meta name=\"robots\" content=\"index, follow, max-snippet:-1, max-image-preview:large, max-video-preview:-1\" \/>\n<link rel=\"canonical\" href=\"https:\/\/storytimegarden.dmm.com\/merryend\/comic-chapter2\/\" \/>\n<meta property=\"og:locale\" content=\"ja_JP\" \/>\n<meta property=\"og:type\" content=\"article\" \/>\n<meta property=\"og:title\" content=\"\u77ed\u7de8\u30de\u30f3\u30ac\u300c\u6559\u80b2\u300d | Merry \u00d7\u00d7\u00d7 End\" \/>\n<meta property=\"og:description\" content=\"\u5927\u4eba\u306e\u5973\u6027\u5411\u3051\u30b7\u30c1\u30e5\u30a8\u30fc\u30b7\u30e7\u30f3CD\u300cMerry \u00d7\u00d7\u00d7 End\u300d\u306e\u77ed\u7de8\u30de\u30f3\u30ac\" \/>\n<meta property=\"og:url\" content=\"https:\/\/storytimegarden.dmm.com\/merryend\/comic-chapter2\/\" \/>\n<meta property=\"og:site_name\" content=\"Merry \u00d7\u00d7\u00d7 End\" \/>\n<meta property=\"article:modified_time\" content=\"2022-05-27T05:53:44+00:00\" \/>\n<meta property=\"og:image\" content=\"https:\/\/storytimegarden.dmm.com\/merryend\/wp-content\/uploads\/sites\/8\/social_default.jpg\" \/>\n\t<meta property=\"og:image:width\" content=\"600\" \/>\n\t<meta property=\"og:image:height\" content=\"315\" \/>\n\t<meta property=\"og:image:type\" content=\"image\/jpeg\" \/>\n<meta name=\"twitter:card\" content=\"summary_large_image\" \/>\n<meta name=\"twitter:label1\" content=\"\u63a8\u5b9a\u8aad\u307f\u53d6\u308a\u6642\u9593\" \/>\n\t<meta name=\"twitter:data1\" content=\"1\u5206\" \/>\n<script type=\"application\/ld+json\" class=\"yoast-schema-graph\">{\"@context\":\"https:\/\/schema.org\",\"@graph\":[{\"@type\":\"WebPage\",\"@id\":\"https:\/\/storytimegarden.dmm.com\/merryend\/comic-chapter2\/\",\"url\":\"https:\/\/storytimegarden.dmm.com\/merryend\/comic-chapter2\/\",\"name\":\"\u77ed\u7de8\u30de\u30f3\u30ac\u300c\u6559\u80b2\u300d | Merry \u00d7\u00d7\u00d7 End\",\"isPartOf\":{\"@id\":\"https:\/\/storytimegarden.dmm.com\/merryend\/#website\"},\"datePublished\":\"2022-05-27T08:55:00+00:00\",\"dateModified\":\"2022-05-27T05:53:44+00:00\",\"description\":\"\u5927\u4eba\u306e\u5973\u6027\u5411\u3051\u30b7\u30c1\u30e5\u30a8\u30fc\u30b7\u30e7\u30f3CD\u300cMerry \u00d7\u00d7\u00d7 End\u300d\u306e\u77ed\u7de8\u30de\u30f3\u30ac\",\"breadcrumb\":{\"@id\":\"https:\/\/storytimegarden.dmm.com\/merryend\/comic-chapter2\/#breadcrumb\"},\"inLanguage\":\"ja\",\"potentialAction\":[{\"@type\":\"ReadAction\",\"target\":[\"https:\/\/storytimegarden.dmm.com\/merryend\/comic-chapter2\/\"]}]},{\"@type\":\"BreadcrumbList\",\"@id\":\"https:\/\/storytimegarden.dmm.com\/merryend\/comic-chapter2\/#breadcrumb\",\"itemListElement\":[{\"@type\":\"ListItem\",\"position\":1,\"name\":\"\u30db\u30fc\u30e0\",\"item\":\"https:\/\/storytimegarden.dmm.com\/merryend\/\"},{\"@type\":\"ListItem\",\"position\":2,\"name\":\"\u77ed\u7de8\u30de\u30f3\u30ac\u300c\u6559\u80b2\u300d\"}]},{\"@type\":\"WebSite\",\"@id\":\"https:\/\/storytimegarden.dmm.com\/merryend\/#website\",\"url\":\"https:\/\/storytimegarden.dmm.com\/merryend\/\",\"name\":\"Merry \u00d7\u00d7\u00d7 End\",\"description\":\"\",\"publisher\":{\"@id\":\"https:\/\/storytimegarden.dmm.com\/merryend\/#organization\"},\"potentialAction\":[{\"@type\":\"SearchAction\",\"target\":{\"@type\":\"EntryPoint\",\"urlTemplate\":\"https:\/\/storytimegarden.dmm.com\/merryend\/?s={search_term_string}\"},\"query-input\":\"required name=search_term_string\"}],\"inLanguage\":\"ja\"},{\"@type\":\"Organization\",\"@id\":\"https:\/\/storytimegarden.dmm.com\/merryend\/#organization\",\"name\":\"Merry \u00d7\u00d7\u00d7 End\",\"url\":\"https:\/\/storytimegarden.dmm.com\/merryend\/\",\"logo\":{\"@type\":\"ImageObject\",\"inLanguage\":\"ja\",\"@id\":\"https:\/\/storytimegarden.dmm.com\/merryend\/#\/schema\/logo\/image\/\",\"url\":\"https:\/\/storytimegarden.dmm.com\/merryend\/wp-content\/uploads\/sites\/8\/title_logo.png\",\"contentUrl\":\"https:\/\/storytimegarden.dmm.com\/merryend\/wp-content\/uploads\/sites\/8\/title_logo.png\",\"width\":740,\"height\":527,\"caption\":\"Merry \u00d7\u00d7\u00d7 End\"},\"image\":{\"@id\":\"https:\/\/storytimegarden.dmm.com\/merryend\/#\/schema\/logo\/image\/\"}}]}<\/script>\n<!-- \/ Yoast SEO plugin. -->","yoast_head_json":{"title":"\u77ed\u7de8\u30de\u30f3\u30ac\u300c\u6559\u80b2\u300d | Merry \u00d7\u00d7\u00d7 End","description":"\u5927\u4eba\u306e\u5973\u6027\u5411\u3051\u30b7\u30c1\u30e5\u30a8\u30fc\u30b7\u30e7\u30f3CD\u300cMerry \u00d7\u00d7\u00d7 End\u300d\u306e\u77ed\u7de8\u30de\u30f3\u30ac","robots":{"index":"index","follow":"follow","max-snippet":"max-snippet:-1","max-image-preview":"max-image-preview:large","max-video-preview":"max-video-preview:-1"},"canonical":"https:\/\/storytimegarden.dmm.com\/merryend\/comic-chapter2\/","og_locale":"ja_JP","og_type":"article","og_title":"\u77ed\u7de8\u30de\u30f3\u30ac\u300c\u6559\u80b2\u300d | Merry \u00d7\u00d7\u00d7 End","og_description":"\u5927\u4eba\u306e\u5973\u6027\u5411\u3051\u30b7\u30c1\u30e5\u30a8\u30fc\u30b7\u30e7\u30f3CD\u300cMerry \u00d7\u00d7\u00d7 End\u300d\u306e\u77ed\u7de8\u30de\u30f3\u30ac","og_url":"https:\/\/storytimegarden.dmm.com\/merryend\/comic-chapter2\/","og_site_name":"Merry \u00d7\u00d7\u00d7 End","article_modified_time":"2022-05-27T05:53:44+00:00","og_image":[{"width":600,"height":315,"url":"https:\/\/storytimegarden.dmm.com\/merryend\/wp-content\/uploads\/sites\/8\/social_default.jpg","type":"image\/jpeg"}],"twitter_card":"summary_large_image","twitter_misc":{"\u63a8\u5b9a\u8aad\u307f\u53d6\u308a\u6642\u9593":"1\u5206"},"schema":{"@context":"https:\/\/schema.org","@graph":[{"@type":"WebPage","@id":"https:\/\/storytimegarden.dmm.com\/merryend\/comic-chapter2\/","url":"https:\/\/storytimegarden.dmm.com\/merryend\/comic-chapter2\/","name":"\u77ed\u7de8\u30de\u30f3\u30ac\u300c\u6559\u80b2\u300d | Merry \u00d7\u00d7\u00d7 End","isPartOf":{"@id":"https:\/\/storytimegarden.dmm.com\/merryend\/#website"},"datePublished":"2022-05-27T08:55:00+00:00","dateModified":"2022-05-27T05:53:44+00:00","description":"\u5927\u4eba\u306e\u5973\u6027\u5411\u3051\u30b7\u30c1\u30e5\u30a8\u30fc\u30b7\u30e7\u30f3CD\u300cMerry \u00d7\u00d7\u00d7 End\u300d\u306e\u77ed\u7de8\u30de\u30f3\u30ac","breadcrumb":{"@id":"https:\/\/storytimegarden.dmm.com\/merryend\/comic-chapter2\/#breadcrumb"},"inLanguage":"ja","potentialAction":[{"@type":"ReadAction","target":["https:\/\/storytimegarden.dmm.com\/merryend\/comic-chapter2\/"]}]},{"@type":"BreadcrumbList","@id":"https:\/\/storytimegarden.dmm.com\/merryend\/comic-chapter2\/#breadcrumb","itemListElement":[{"@type":"ListItem","position":1,"name":"\u30db\u30fc\u30e0","item":"https:\/\/storytimegarden.dmm.com\/merryend\/"},{"@type":"ListItem","position":2,"name":"\u77ed\u7de8\u30de\u30f3\u30ac\u300c\u6559\u80b2\u300d"}]},{"@type":"WebSite","@id":"https:\/\/storytimegarden.dmm.com\/merryend\/#website","url":"https:\/\/storytimegarden.dmm.com\/merryend\/","name":"Merry \u00d7\u00d7\u00d7 End","description":"","publisher":{"@id":"https:\/\/storytimegarden.dmm.com\/merryend\/#organization"},"potentialAction":[{"@type":"SearchAction","target":{"@type":"EntryPoint","urlTemplate":"https:\/\/storytimegarden.dmm.com\/merryend\/?s={search_term_string}"},"query-input":"required name=search_term_string"}],"inLanguage":"ja"},{"@type":"Organization","@id":"https:\/\/storytimegarden.dmm.com\/merryend\/#organization","name":"Merry \u00d7\u00d7\u00d7 End","url":"https:\/\/storytimegarden.dmm.com\/merryend\/","logo":{"@type":"ImageObject","inLanguage":"ja","@id":"https:\/\/storytimegarden.dmm.com\/merryend\/#\/schema\/logo\/image\/","url":"https:\/\/storytimegarden.dmm.com\/merryend\/wp-content\/uploads\/sites\/8\/title_logo.png","contentUrl":"https:\/\/storytimegarden.dmm.com\/merryend\/wp-content\/uploads\/sites\/8\/title_logo.png","width":740,"height":527,"caption":"Merry \u00d7\u00d7\u00d7 End"},"image":{"@id":"https:\/\/storytimegarden.dmm.com\/merryend\/#\/schema\/logo\/image\/"}}]}},"_links":{"self":[{"href":"https:\/\/storytimegarden.dmm.com\/merryend\/wp-json\/wp\/v2\/pages\/141"}],"collection":[{"href":"https:\/\/storytimegarden.dmm.com\/merryend\/wp-json\/wp\/v2\/pages"}],"about":[{"href":"https:\/\/storytimegarden.dmm.com\/merryend\/wp-json\/wp\/v2\/types\/page"}],"author":[{"embeddable":true,"href":"https:\/\/storytimegarden.dmm.com\/merryend\/wp-json\/wp\/v2\/users\/2"}],"replies":[{"embeddable":true,"href":"https:\/\/storytimegarden.dmm.com\/merryend\/wp-json\/wp\/v2\/comments?post=141"}],"version-history":[{"count":2,"href":"https:\/\/storytimegarden.dmm.com\/merryend\/wp-json\/wp\/v2\/pages\/141\/revisions"}],"predecessor-version":[{"id":156,"href":"https:\/\/storytimegarden.dmm.com\/merryend\/wp-json\/wp\/v2\/pages\/141\/revisions\/156"}],"wp:attachment":[{"href":"https:\/\/storytimegarden.dmm.com\/merryend\/wp-json\/wp\/v2\/media?parent=141"}],"curies":[{"name":"wp","href":"https:\/\/api.w.org\/{rel}","templated":true}]}}