{"id":72,"date":"2021-10-18T17:17:02","date_gmt":"2021-10-18T08:17:02","guid":{"rendered":"https:\/\/storytimegarden.dmm.com\/iseran\/?page_id=72"},"modified":"2021-10-18T19:25:24","modified_gmt":"2021-10-18T10:25:24","slug":"comic-01","status":"publish","type":"page","link":"https:\/\/storytimegarden.dmm.com\/iseran\/comic-01","title":{"rendered":"COMIC"},"content":{"rendered":"<div style=\"text-align:center\">\u7570\u4e16\u754c\u30e9\u30f3\u30c7\u30d6\u30fc<br \/>\n\uff5e\u738b\u5b50\u3068\u00d7\u00d7\u00d7\u3067\u4e16\u754c\u3092\u6551\u3046\u4ef6\uff5e<br \/>\n<span style=\"display:block;margin-top:1em;font-size: 3rem\">\u77ed\u7de8\u30de\u30f3\u30ac<br \/>\n\u300c\u8056\u5973\u306e\u5f79\u76ee\u300d<\/span><\/p>\n<div class=\"_df_book df-lite\" id=\"df_63\"  data-title=\"%e7%9f%ad%e7%b7%a8%e3%83%9e%e3%83%b3%e3%82%ac%e3%80%8c%e8%81%96%e5%a5%b3%e3%81%ae%e5%bd%b9%e7%9b%ae%e3%80%8d\" _slug=\"%e7%9f%ad%e7%b7%a8%e3%83%9e%e3%83%b3%e3%82%ac%e3%80%8c%e8%81%96%e5%a5%b3%e3%81%ae%e5%bd%b9%e7%9b%ae%e3%80%8d\" wpoptions=\"true\" thumb=\"https:\/\/storytimegarden.dmm.com\/iseran\/wp-content\/uploads\/sites\/10\/c01_1.jpg\" thumbtype=\"\" ><\/div>\n<p><script class=\"df-shortcode-script\" type=\"application\/javascript\">window.option_df_63 = {\"outline\":[],\"backgroundColor\":\"#000000000\",\"autoEnableOutline\":\"false\",\"autoEnableThumbnail\":\"false\",\"overwritePDFOutline\":\"false\",\"enableDownload\":\"false\",\"direction\":\"2\",\"pageSize\":\"0\",\"soundEnable\":\"false\",\"source\":[\"https:\\\/\\\/storytimegarden.dmm.com\\\/iseran\\\/wp-content\\\/uploads\\\/sites\\\/10\\\/c01_1.jpg\",\"https:\\\/\\\/storytimegarden.dmm.com\\\/iseran\\\/wp-content\\\/uploads\\\/sites\\\/10\\\/c01_2.jpg\",\"https:\\\/\\\/storytimegarden.dmm.com\\\/iseran\\\/wp-content\\\/uploads\\\/sites\\\/10\\\/c01_3.jpg\",\"https:\\\/\\\/storytimegarden.dmm.com\\\/iseran\\\/wp-content\\\/uploads\\\/sites\\\/10\\\/c01_4.jpg\",\"https:\\\/\\\/storytimegarden.dmm.com\\\/iseran\\\/wp-content\\\/uploads\\\/sites\\\/10\\\/c01_5.jpg\",\"https:\\\/\\\/storytimegarden.dmm.com\\\/iseran\\\/wp-content\\\/uploads\\\/sites\\\/10\\\/c01_6.jpg\",\"https:\\\/\\\/storytimegarden.dmm.com\\\/iseran\\\/wp-content\\\/uploads\\\/sites\\\/10\\\/c01_7.jpg\"],\"wpOptions\":\"true\",\"links\":[[],[],[],[],[],[],[],[]]}; if(window.DFLIP && window.DFLIP.parseBooks){window.DFLIP.parseBooks();}<\/script><br \/>\n<a class=\"btn\" href=\"https:\/\/storytimegarden.dmm.com\/iseran\/product\/vol1\">\u88fd\u54c1\u60c5\u5831\u3078<\/a><\/div>\n","protected":false},"excerpt":{"rendered":"<p>\u7570\u4e16\u754c\u30e9\u30f3\u30c7\u30d6\u30fc \uff5e\u738b\u5b50\u3068\u00d7\u00d7\u00d7\u3067\u4e16\u754c\u3092\u6551\u3046\u4ef6\uff5e \u77ed\u7de8\u30de\u30f3\u30ac \u300c\u8056\u5973\u306e\u5f79\u76ee\u300d \u88fd\u54c1\u60c5\u5831\u3078<\/p>\n","protected":false},"author":2,"featured_media":0,"parent":0,"menu_order":0,"comment_status":"closed","ping_status":"closed","template":"","meta":{"footnotes":""},"yoast_head":"<!-- This site is optimized with the Yoast SEO plugin v22.1 - https:\/\/yoast.com\/wordpress\/plugins\/seo\/ -->\n<title>COMIC | \u7570\u4e16\u754c\u30e9\u30f3\u30c7\u30d6\u30fc<\/title>\n<meta name=\"robots\" content=\"index, follow, max-snippet:-1, max-image-preview:large, max-video-preview:-1\" \/>\n<link rel=\"canonical\" href=\"https:\/\/storytimegarden.dmm.com\/iseran\/comic-01\" \/>\n<meta property=\"og:locale\" content=\"ja_JP\" \/>\n<meta property=\"og:type\" content=\"article\" \/>\n<meta property=\"og:title\" content=\"COMIC | \u7570\u4e16\u754c\u30e9\u30f3\u30c7\u30d6\u30fc\" \/>\n<meta property=\"og:description\" content=\"\u7570\u4e16\u754c\u30e9\u30f3\u30c7\u30d6\u30fc \uff5e\u738b\u5b50\u3068\u00d7\u00d7\u00d7\u3067\u4e16\u754c\u3092\u6551\u3046\u4ef6\uff5e \u77ed\u7de8\u30de\u30f3\u30ac \u300c\u8056\u5973\u306e\u5f79\u76ee\u300d \u88fd\u54c1\u60c5\u5831\u3078\" \/>\n<meta property=\"og:url\" content=\"https:\/\/storytimegarden.dmm.com\/iseran\/comic-01\" \/>\n<meta property=\"og:site_name\" content=\"\u7570\u4e16\u754c\u30e9\u30f3\u30c7\u30d6\u30fc\" \/>\n<meta property=\"article:modified_time\" content=\"2021-10-18T10:25:24+00:00\" \/>\n<meta property=\"og:image\" content=\"https:\/\/storytimegarden.dmm.com\/iseran\/wp-content\/uploads\/sites\/10\/social_main.jpg\" \/>\n\t<meta property=\"og:image:width\" content=\"600\" \/>\n\t<meta property=\"og:image:height\" content=\"315\" \/>\n\t<meta property=\"og:image:type\" content=\"image\/jpeg\" \/>\n<meta name=\"twitter:card\" content=\"summary_large_image\" \/>\n<meta name=\"twitter:label1\" content=\"\u63a8\u5b9a\u8aad\u307f\u53d6\u308a\u6642\u9593\" \/>\n\t<meta name=\"twitter:data1\" content=\"1\u5206\" \/>\n<script type=\"application\/ld+json\" class=\"yoast-schema-graph\">{\"@context\":\"https:\/\/schema.org\",\"@graph\":[{\"@type\":\"WebPage\",\"@id\":\"https:\/\/storytimegarden.dmm.com\/iseran\/comic-01\",\"url\":\"https:\/\/storytimegarden.dmm.com\/iseran\/comic-01\",\"name\":\"COMIC | \u7570\u4e16\u754c\u30e9\u30f3\u30c7\u30d6\u30fc\",\"isPartOf\":{\"@id\":\"https:\/\/storytimegarden.dmm.com\/iseran\/#website\"},\"datePublished\":\"2021-10-18T08:17:02+00:00\",\"dateModified\":\"2021-10-18T10:25:24+00:00\",\"breadcrumb\":{\"@id\":\"https:\/\/storytimegarden.dmm.com\/iseran\/comic-01#breadcrumb\"},\"inLanguage\":\"ja\",\"potentialAction\":[{\"@type\":\"ReadAction\",\"target\":[\"https:\/\/storytimegarden.dmm.com\/iseran\/comic-01\"]}]},{\"@type\":\"BreadcrumbList\",\"@id\":\"https:\/\/storytimegarden.dmm.com\/iseran\/comic-01#breadcrumb\",\"itemListElement\":[{\"@type\":\"ListItem\",\"position\":1,\"name\":\"\u30db\u30fc\u30e0\",\"item\":\"https:\/\/storytimegarden.dmm.com\/iseran\"},{\"@type\":\"ListItem\",\"position\":2,\"name\":\"COMIC\"}]},{\"@type\":\"WebSite\",\"@id\":\"https:\/\/storytimegarden.dmm.com\/iseran\/#website\",\"url\":\"https:\/\/storytimegarden.dmm.com\/iseran\/\",\"name\":\"\u7570\u4e16\u754c\u30e9\u30f3\u30c7\u30d6\u30fc\",\"description\":\"\",\"publisher\":{\"@id\":\"https:\/\/storytimegarden.dmm.com\/iseran\/#organization\"},\"potentialAction\":[{\"@type\":\"SearchAction\",\"target\":{\"@type\":\"EntryPoint\",\"urlTemplate\":\"https:\/\/storytimegarden.dmm.com\/iseran\/?s={search_term_string}\"},\"query-input\":\"required name=search_term_string\"}],\"inLanguage\":\"ja\"},{\"@type\":\"Organization\",\"@id\":\"https:\/\/storytimegarden.dmm.com\/iseran\/#organization\",\"name\":\"\u7570\u4e16\u754c\u30e9\u30f3\u30c7\u30d6\u30fc\",\"url\":\"https:\/\/storytimegarden.dmm.com\/iseran\/\",\"logo\":{\"@type\":\"ImageObject\",\"inLanguage\":\"ja\",\"@id\":\"https:\/\/storytimegarden.dmm.com\/iseran\/#\/schema\/logo\/image\/\",\"url\":\"https:\/\/storytimegarden.dmm.com\/iseran\/wp-content\/uploads\/sites\/10\/logo.png\",\"contentUrl\":\"https:\/\/storytimegarden.dmm.com\/iseran\/wp-content\/uploads\/sites\/10\/logo.png\",\"width\":633,\"height\":654,\"caption\":\"\u7570\u4e16\u754c\u30e9\u30f3\u30c7\u30d6\u30fc\"},\"image\":{\"@id\":\"https:\/\/storytimegarden.dmm.com\/iseran\/#\/schema\/logo\/image\/\"}}]}<\/script>\n<!-- \/ Yoast SEO plugin. -->","yoast_head_json":{"title":"COMIC | \u7570\u4e16\u754c\u30e9\u30f3\u30c7\u30d6\u30fc","robots":{"index":"index","follow":"follow","max-snippet":"max-snippet:-1","max-image-preview":"max-image-preview:large","max-video-preview":"max-video-preview:-1"},"canonical":"https:\/\/storytimegarden.dmm.com\/iseran\/comic-01","og_locale":"ja_JP","og_type":"article","og_title":"COMIC | \u7570\u4e16\u754c\u30e9\u30f3\u30c7\u30d6\u30fc","og_description":"\u7570\u4e16\u754c\u30e9\u30f3\u30c7\u30d6\u30fc \uff5e\u738b\u5b50\u3068\u00d7\u00d7\u00d7\u3067\u4e16\u754c\u3092\u6551\u3046\u4ef6\uff5e \u77ed\u7de8\u30de\u30f3\u30ac \u300c\u8056\u5973\u306e\u5f79\u76ee\u300d \u88fd\u54c1\u60c5\u5831\u3078","og_url":"https:\/\/storytimegarden.dmm.com\/iseran\/comic-01","og_site_name":"\u7570\u4e16\u754c\u30e9\u30f3\u30c7\u30d6\u30fc","article_modified_time":"2021-10-18T10:25:24+00:00","og_image":[{"width":600,"height":315,"url":"https:\/\/storytimegarden.dmm.com\/iseran\/wp-content\/uploads\/sites\/10\/social_main.jpg","type":"image\/jpeg"}],"twitter_card":"summary_large_image","twitter_misc":{"\u63a8\u5b9a\u8aad\u307f\u53d6\u308a\u6642\u9593":"1\u5206"},"schema":{"@context":"https:\/\/schema.org","@graph":[{"@type":"WebPage","@id":"https:\/\/storytimegarden.dmm.com\/iseran\/comic-01","url":"https:\/\/storytimegarden.dmm.com\/iseran\/comic-01","name":"COMIC | \u7570\u4e16\u754c\u30e9\u30f3\u30c7\u30d6\u30fc","isPartOf":{"@id":"https:\/\/storytimegarden.dmm.com\/iseran\/#website"},"datePublished":"2021-10-18T08:17:02+00:00","dateModified":"2021-10-18T10:25:24+00:00","breadcrumb":{"@id":"https:\/\/storytimegarden.dmm.com\/iseran\/comic-01#breadcrumb"},"inLanguage":"ja","potentialAction":[{"@type":"ReadAction","target":["https:\/\/storytimegarden.dmm.com\/iseran\/comic-01"]}]},{"@type":"BreadcrumbList","@id":"https:\/\/storytimegarden.dmm.com\/iseran\/comic-01#breadcrumb","itemListElement":[{"@type":"ListItem","position":1,"name":"\u30db\u30fc\u30e0","item":"https:\/\/storytimegarden.dmm.com\/iseran"},{"@type":"ListItem","position":2,"name":"COMIC"}]},{"@type":"WebSite","@id":"https:\/\/storytimegarden.dmm.com\/iseran\/#website","url":"https:\/\/storytimegarden.dmm.com\/iseran\/","name":"\u7570\u4e16\u754c\u30e9\u30f3\u30c7\u30d6\u30fc","description":"","publisher":{"@id":"https:\/\/storytimegarden.dmm.com\/iseran\/#organization"},"potentialAction":[{"@type":"SearchAction","target":{"@type":"EntryPoint","urlTemplate":"https:\/\/storytimegarden.dmm.com\/iseran\/?s={search_term_string}"},"query-input":"required name=search_term_string"}],"inLanguage":"ja"},{"@type":"Organization","@id":"https:\/\/storytimegarden.dmm.com\/iseran\/#organization","name":"\u7570\u4e16\u754c\u30e9\u30f3\u30c7\u30d6\u30fc","url":"https:\/\/storytimegarden.dmm.com\/iseran\/","logo":{"@type":"ImageObject","inLanguage":"ja","@id":"https:\/\/storytimegarden.dmm.com\/iseran\/#\/schema\/logo\/image\/","url":"https:\/\/storytimegarden.dmm.com\/iseran\/wp-content\/uploads\/sites\/10\/logo.png","contentUrl":"https:\/\/storytimegarden.dmm.com\/iseran\/wp-content\/uploads\/sites\/10\/logo.png","width":633,"height":654,"caption":"\u7570\u4e16\u754c\u30e9\u30f3\u30c7\u30d6\u30fc"},"image":{"@id":"https:\/\/storytimegarden.dmm.com\/iseran\/#\/schema\/logo\/image\/"}}]}},"_links":{"self":[{"href":"https:\/\/storytimegarden.dmm.com\/iseran\/wp-json\/wp\/v2\/pages\/72"}],"collection":[{"href":"https:\/\/storytimegarden.dmm.com\/iseran\/wp-json\/wp\/v2\/pages"}],"about":[{"href":"https:\/\/storytimegarden.dmm.com\/iseran\/wp-json\/wp\/v2\/types\/page"}],"author":[{"embeddable":true,"href":"https:\/\/storytimegarden.dmm.com\/iseran\/wp-json\/wp\/v2\/users\/2"}],"replies":[{"embeddable":true,"href":"https:\/\/storytimegarden.dmm.com\/iseran\/wp-json\/wp\/v2\/comments?post=72"}],"version-history":[{"count":10,"href":"https:\/\/storytimegarden.dmm.com\/iseran\/wp-json\/wp\/v2\/pages\/72\/revisions"}],"predecessor-version":[{"id":89,"href":"https:\/\/storytimegarden.dmm.com\/iseran\/wp-json\/wp\/v2\/pages\/72\/revisions\/89"}],"wp:attachment":[{"href":"https:\/\/storytimegarden.dmm.com\/iseran\/wp-json\/wp\/v2\/media?parent=72"}],"curies":[{"name":"wp","href":"https:\/\/api.w.org\/{rel}","templated":true}]}}